{"id":1045,"date":"2025-11-10T19:39:17","date_gmt":"2025-11-10T19:39:17","guid":{"rendered":"https:\/\/betogather.hu\/?page_id=1045"},"modified":"2025-12-23T11:23:39","modified_gmt":"2025-12-23T11:23:39","slug":"hirlevel","status":"publish","type":"page","link":"https:\/\/betogather.hu\/en\/hirlevel\/","title":{"rendered":"Newsletter"},"content":{"rendered":"<div data-elementor-type=\"wp-page\" data-elementor-id=\"1045\" class=\"elementor elementor-1045\" data-elementor-post-type=\"page\">\n\t\t\t\t<div class=\"elementor-element elementor-element-e9f0d55 e-flex e-con-boxed e-con e-parent\" data-id=\"e9f0d55\" data-element_type=\"container\">\n\t\t\t\t\t<div class=\"e-con-inner\">\n\t\t<div class=\"elementor-element elementor-element-b9a0072 e-con-full e-flex e-con e-child\" data-id=\"b9a0072\" data-element_type=\"container\">\n\t\t\t\t<div class=\"elementor-element elementor-element-648f506 elementor-hidden-tablet elementor-hidden-mobile_extra elementor-hidden-mobile elementor-widget elementor-widget-image\" data-id=\"648f506\" data-element_type=\"widget\" data-widget_type=\"image.default\">\n\t\t\t\t\t\t\t\t\t\t\t\t\t\t\t<img fetchpriority=\"high\" decoding=\"async\" width=\"800\" height=\"968\" src=\"https:\/\/betogather.hu\/wp-content\/uploads\/2025\/11\/Betogather-Hirlevel-2.jpg\" class=\"attachment-large size-large wp-image-1067\" alt=\"Betogather H\u00edrlev\u00e9l\" srcset=\"https:\/\/betogather.hu\/wp-content\/uploads\/2025\/11\/Betogather-Hirlevel-2.jpg 800w, https:\/\/betogather.hu\/wp-content\/uploads\/2025\/11\/Betogather-Hirlevel-2-248x300.jpg 248w, https:\/\/betogather.hu\/wp-content\/uploads\/2025\/11\/Betogather-Hirlevel-2-768x929.jpg 768w\" sizes=\"(max-width: 800px) 100vw, 800px\" \/>\t\t\t\t\t\t\t\t\t\t\t\t\t\t\t<\/div>\n\t\t\t\t<div class=\"elementor-element elementor-element-6b02796 elementor-hidden-desktop elementor-hidden-laptop elementor-hidden-tablet_extra elementor-widget elementor-widget-image\" data-id=\"6b02796\" data-element_type=\"widget\" data-widget_type=\"image.default\">\n\t\t\t\t\t\t\t\t\t\t\t\t\t\t\t<img decoding=\"async\" width=\"800\" height=\"400\" src=\"https:\/\/betogather.hu\/wp-content\/uploads\/2025\/11\/Betogather-Hirlevel-1.jpg\" class=\"attachment-large size-large wp-image-1063\" alt=\"Betogather H\u00edrlev\u00e9l\" srcset=\"https:\/\/betogather.hu\/wp-content\/uploads\/2025\/11\/Betogather-Hirlevel-1.jpg 800w, https:\/\/betogather.hu\/wp-content\/uploads\/2025\/11\/Betogather-Hirlevel-1-300x150.jpg 300w, https:\/\/betogather.hu\/wp-content\/uploads\/2025\/11\/Betogather-Hirlevel-1-768x384.jpg 768w\" sizes=\"(max-width: 800px) 100vw, 800px\" \/>\t\t\t\t\t\t\t\t\t\t\t\t\t\t\t<\/div>\n\t\t\t\t<\/div>\n\t\t<div class=\"elementor-element elementor-element-981abd2 e-con-full e-flex e-con e-child\" data-id=\"981abd2\" data-element_type=\"container\">\n\t\t\t\t<div class=\"elementor-element elementor-element-5b40435 elementor-widget elementor-widget-text-editor\" data-id=\"5b40435\" data-element_type=\"widget\" data-widget_type=\"text-editor.default\">\n\t\t\t\t\t\t\t\t\t<div class=\"short-title-wrapper\"><div class=\"sub-heading text-capitalize change-color-white two\" data-w-id=\"31698a44-3084-004c-b8a3-01b7efc13f5a\">Newsletter<\/div><\/div>\t\t\t\t\t\t\t\t<\/div>\n\t\t\t\t<div class=\"elementor-element elementor-element-33f48be elementor-widget elementor-widget-heading\" data-id=\"33f48be\" data-element_type=\"widget\" data-widget_type=\"heading.default\">\n\t\t\t\t\t<h2 class=\"elementor-heading-title elementor-size-default\">Subscribe to the newsletter<\/h2>\t\t\t\t<\/div>\n\t\t\t\t<div class=\"elementor-element elementor-element-06a67ed elementor-widget__width-initial elementor-widget elementor-widget-text-editor\" data-id=\"06a67ed\" data-element_type=\"widget\" data-widget_type=\"text-editor.default\">\n\t\t\t\t\t\t\t\t\t<p>Stay up to date with our latest news and updates<\/p>\t\t\t\t\t\t\t\t<\/div>\n\t\t\t\t<div class=\"elementor-element elementor-element-a9a7533 elementor-button-align-start elementor-widget elementor-widget-form\" data-id=\"a9a7533\" data-element_type=\"widget\" data-settings=\"{&quot;step_next_label&quot;:&quot;K\\u00f6vetkez\\u0151&quot;,&quot;step_previous_label&quot;:&quot;El\\u0151z\\u0151&quot;,&quot;button_width&quot;:&quot;100&quot;,&quot;step_type&quot;:&quot;number_text&quot;,&quot;step_icon_shape&quot;:&quot;circle&quot;}\" data-widget_type=\"form.default\">\n\t\t\t\t\t\t\t<form class=\"elementor-form\" method=\"post\" name=\"\u00daj \u0171rlap\" aria-label=\"\u00daj \u0171rlap\" action=\"\">\n\t\t\t<input type=\"hidden\" name=\"post_id\" value=\"1045\"\/>\n\t\t\t<input type=\"hidden\" name=\"form_id\" value=\"a9a7533\"\/>\n\t\t\t<input type=\"hidden\" name=\"referer_title\" value=\"H\u00edrlev\u00e9l - Betogather Fesztiv\u00e1l\" \/>\n\n\t\t\t\t\t\t\t<input type=\"hidden\" name=\"queried_id\" value=\"1045\"\/>\n\t\t\t\n\t\t\t<div class=\"elementor-form-fields-wrapper elementor-labels-above\">\n\t\t\t\t\t\t\t\t<div class=\"elementor-field-type-text elementor-field-group elementor-column elementor-field-group-last_name elementor-col-100 elementor-field-required elementor-mark-required\">\n\t\t\t\t\t\t\t\t\t\t\t\t<label for=\"form-field-last_name\" class=\"elementor-field-label\">\n\t\t\t\t\t\t\t\tFirst name\t\t\t\t\t\t\t<\/label>\n\t\t\t\t\t\t\t\t\t\t\t\t\t\t<input size=\"1\" type=\"text\" name=\"form_fields[last_name]\" id=\"form-field-last_name\" class=\"elementor-field elementor-size-sm  elementor-field-textual\" placeholder=\"John\" required=\"required\">\n\t\t\t\t\t\t\t\t\t\t\t<\/div>\n\t\t\t\t\t\t\t\t<div class=\"elementor-field-type-text elementor-field-group elementor-column elementor-field-group-name elementor-col-100 elementor-field-required elementor-mark-required\">\n\t\t\t\t\t\t\t\t\t\t\t\t<label for=\"form-field-name\" class=\"elementor-field-label\">\n\t\t\t\t\t\t\t\tLast name\t\t\t\t\t\t\t<\/label>\n\t\t\t\t\t\t\t\t\t\t\t\t\t\t<input size=\"1\" type=\"text\" name=\"form_fields[name]\" id=\"form-field-name\" class=\"elementor-field elementor-size-sm  elementor-field-textual\" placeholder=\"Tailor\" required=\"required\">\n\t\t\t\t\t\t\t\t\t\t\t<\/div>\n\t\t\t\t\t\t\t\t<div class=\"elementor-field-type-email elementor-field-group elementor-column elementor-field-group-email elementor-col-100 elementor-field-required elementor-mark-required\">\n\t\t\t\t\t\t\t\t\t\t\t\t<label for=\"form-field-email\" class=\"elementor-field-label\">\n\t\t\t\t\t\t\t\tEmail\t\t\t\t\t\t\t<\/label>\n\t\t\t\t\t\t\t\t\t\t\t\t\t\t<input size=\"1\" type=\"email\" name=\"form_fields[email]\" id=\"form-field-email\" class=\"elementor-field elementor-size-sm  elementor-field-textual\" placeholder=\"Email\" required=\"required\">\n\t\t\t\t\t\t\t\t\t\t\t<\/div>\n\t\t\t\t\t\t\t\t<div class=\"elementor-field-type-acceptance elementor-field-group elementor-column elementor-field-group-field_a82c0a8 elementor-col-100 elementor-field-required elementor-mark-required\">\n\t\t\t\t\t\t\t<div class=\"elementor-field-subgroup\">\n\t\t\t<span class=\"elementor-field-option\">\n\t\t\t\t<input type=\"checkbox\" name=\"form_fields[field_a82c0a8]\" id=\"form-field-field_a82c0a8\" class=\"elementor-field elementor-size-sm  elementor-acceptance-field\" required=\"required\">\n\t\t\t\t<label for=\"form-field-field_a82c0a8\">I accept the Privacy Policy<\/label>\t\t\t<\/span>\n\t\t<\/div>\n\t\t\t\t\t\t<\/div>\n\t\t\t\t\t\t\t\t<div class=\"elementor-field-group elementor-column elementor-field-type-submit elementor-col-100 e-form__buttons\">\n\t\t\t\t\t<button class=\"elementor-button elementor-size-sm\" type=\"submit\">\n\t\t\t\t\t\t<span class=\"elementor-button-content-wrapper\">\n\t\t\t\t\t\t\t\t\t\t\t\t\t\t\t\t\t\t\t\t\t\t<span class=\"elementor-button-text\">Subscribe to the newsletter<\/span>\n\t\t\t\t\t\t\t\t\t\t\t\t\t<\/span>\n\t\t\t\t\t<\/button>\n\t\t\t\t<\/div>\n\t\t\t<\/div>\n\t\t<input type=\"hidden\" name=\"trp-form-language\" value=\"en\"\/><\/form>\n\t\t\t\t\t\t<\/div>\n\t\t\t\t<\/div>\n\t\t\t\t\t<\/div>\n\t\t\t\t<\/div>\n\t\t\t\t<\/div>","protected":false},"excerpt":{"rendered":"<p>H\u00edrlev\u00e9l Iratkozz fel a h\u00edrlev\u00e9lre Maradj naprak\u00e9sz legfrissebb h\u00edreinkkel \u00e9s \u00fajdons\u00e1gainkkal<\/p>","protected":false},"author":1,"featured_media":0,"parent":0,"menu_order":0,"comment_status":"closed","ping_status":"closed","template":"","meta":{"_acf_changed":false,"footnotes":""},"class_list":["post-1045","page","type-page","status-publish","hentry"],"acf":[],"yoast_head":"<!-- This site is optimized with the Yoast SEO plugin v26.3 - https:\/\/yoast.com\/wordpress\/plugins\/seo\/ -->\n<title>H\u00edrlev\u00e9l - Betogather Fesztiv\u00e1l<\/title>\n<meta name=\"description\" content=\"Maradj naprak\u00e9sz legfrissebb h\u00edreinkkel \u00e9s \u00fajdons\u00e1gainkkal a BeToGather ny\u00e1ri elvonul\u00e1sfesztiv\u00e1lj\u00e1val kapcsolatban\" \/>\n<meta name=\"robots\" content=\"index, follow, max-snippet:-1, max-image-preview:large, max-video-preview:-1\" \/>\n<link rel=\"canonical\" href=\"https:\/\/betogather.hu\/en\/hirlevel\/\" \/>\n<meta property=\"og:locale\" content=\"en_US\" \/>\n<meta property=\"og:type\" content=\"article\" \/>\n<meta property=\"og:title\" content=\"H\u00edrlev\u00e9l - Betogather Fesztiv\u00e1l\" \/>\n<meta property=\"og:description\" content=\"Maradj naprak\u00e9sz legfrissebb h\u00edreinkkel \u00e9s \u00fajdons\u00e1gainkkal a BeToGather ny\u00e1ri elvonul\u00e1sfesztiv\u00e1lj\u00e1val kapcsolatban\" \/>\n<meta property=\"og:url\" content=\"https:\/\/betogather.hu\/en\/hirlevel\/\" \/>\n<meta property=\"og:site_name\" content=\"Betogather Fesztiv\u00e1l\" \/>\n<meta property=\"article:modified_time\" content=\"2025-12-23T11:23:39+00:00\" \/>\n<meta property=\"og:image\" content=\"https:\/\/betogather.hu\/wp-content\/uploads\/2025\/11\/Betogather-Hirlevel-2.jpg\" \/>\n<meta name=\"twitter:card\" content=\"summary_large_image\" \/>\n<meta name=\"twitter:label1\" content=\"Est. reading time\" \/>\n\t<meta name=\"twitter:data1\" content=\"1 minute\" \/>\n<script type=\"application\/ld+json\" class=\"yoast-schema-graph\">{\"@context\":\"https:\/\/schema.org\",\"@graph\":[{\"@type\":\"WebPage\",\"@id\":\"https:\/\/betogather.hu\/hirlevel\/\",\"url\":\"https:\/\/betogather.hu\/hirlevel\/\",\"name\":\"H\u00edrlev\u00e9l - Betogather Fesztiv\u00e1l\",\"isPartOf\":{\"@id\":\"https:\/\/betogather.hu\/#website\"},\"primaryImageOfPage\":{\"@id\":\"https:\/\/betogather.hu\/hirlevel\/#primaryimage\"},\"image\":{\"@id\":\"https:\/\/betogather.hu\/hirlevel\/#primaryimage\"},\"thumbnailUrl\":\"https:\/\/betogather.hu\/wp-content\/uploads\/2025\/11\/Betogather-Hirlevel-2.jpg\",\"datePublished\":\"2025-11-10T19:39:17+00:00\",\"dateModified\":\"2025-12-23T11:23:39+00:00\",\"description\":\"Maradj naprak\u00e9sz legfrissebb h\u00edreinkkel \u00e9s \u00fajdons\u00e1gainkkal a BeToGather ny\u00e1ri elvonul\u00e1sfesztiv\u00e1lj\u00e1val kapcsolatban\",\"breadcrumb\":{\"@id\":\"https:\/\/betogather.hu\/hirlevel\/#breadcrumb\"},\"inLanguage\":\"en-US\",\"potentialAction\":[{\"@type\":\"ReadAction\",\"target\":[\"https:\/\/betogather.hu\/hirlevel\/\"]}]},{\"@type\":\"ImageObject\",\"inLanguage\":\"en-US\",\"@id\":\"https:\/\/betogather.hu\/hirlevel\/#primaryimage\",\"url\":\"https:\/\/betogather.hu\/wp-content\/uploads\/2025\/11\/Betogather-Hirlevel-2.jpg\",\"contentUrl\":\"https:\/\/betogather.hu\/wp-content\/uploads\/2025\/11\/Betogather-Hirlevel-2.jpg\"},{\"@type\":\"BreadcrumbList\",\"@id\":\"https:\/\/betogather.hu\/hirlevel\/#breadcrumb\",\"itemListElement\":[{\"@type\":\"ListItem\",\"position\":1,\"name\":\"Kezd\u0151lap\",\"item\":\"https:\/\/betogather.hu\/\"},{\"@type\":\"ListItem\",\"position\":2,\"name\":\"H\u00edrlev\u00e9l\"}]},{\"@type\":\"WebSite\",\"@id\":\"https:\/\/betogather.hu\/#website\",\"url\":\"https:\/\/betogather.hu\/\",\"name\":\"Betogather Fesztiv\u00e1l\",\"description\":\"Tal\u00e1lj bels\u0151 b\u00e9k\u00e9re a medit\u00e1ci\u00f3val \u00e9s m\u00e9lyedj el az \u00f6nismeretben\",\"publisher\":{\"@id\":\"https:\/\/betogather.hu\/#organization\"},\"potentialAction\":[{\"@type\":\"SearchAction\",\"target\":{\"@type\":\"EntryPoint\",\"urlTemplate\":\"https:\/\/betogather.hu\/?s={search_term_string}\"},\"query-input\":{\"@type\":\"PropertyValueSpecification\",\"valueRequired\":true,\"valueName\":\"search_term_string\"}}],\"inLanguage\":\"en-US\"},{\"@type\":\"Organization\",\"@id\":\"https:\/\/betogather.hu\/#organization\",\"name\":\"Betogather Fesztiv\u00e1l\",\"url\":\"https:\/\/betogather.hu\/\",\"logo\":{\"@type\":\"ImageObject\",\"inLanguage\":\"en-US\",\"@id\":\"https:\/\/betogather.hu\/#\/schema\/logo\/image\/\",\"url\":\"https:\/\/betogather.hu\/wp-content\/uploads\/2025\/09\/BeToGather-Fesztival-es-elvonulas.png\",\"contentUrl\":\"https:\/\/betogather.hu\/wp-content\/uploads\/2025\/09\/BeToGather-Fesztival-es-elvonulas.png\",\"width\":250,\"height\":158,\"caption\":\"Betogather Fesztiv\u00e1l\"},\"image\":{\"@id\":\"https:\/\/betogather.hu\/#\/schema\/logo\/image\/\"}}]}<\/script>\n<!-- \/ Yoast SEO plugin. -->","yoast_head_json":{"title":"H\u00edrlev\u00e9l - Betogather Fesztiv\u00e1l","description":"Maradj naprak\u00e9sz legfrissebb h\u00edreinkkel \u00e9s \u00fajdons\u00e1gainkkal a BeToGather ny\u00e1ri elvonul\u00e1sfesztiv\u00e1lj\u00e1val kapcsolatban","robots":{"index":"index","follow":"follow","max-snippet":"max-snippet:-1","max-image-preview":"max-image-preview:large","max-video-preview":"max-video-preview:-1"},"canonical":"https:\/\/betogather.hu\/en\/hirlevel\/","og_locale":"en_US","og_type":"article","og_title":"H\u00edrlev\u00e9l - Betogather Fesztiv\u00e1l","og_description":"Maradj naprak\u00e9sz legfrissebb h\u00edreinkkel \u00e9s \u00fajdons\u00e1gainkkal a BeToGather ny\u00e1ri elvonul\u00e1sfesztiv\u00e1lj\u00e1val kapcsolatban","og_url":"https:\/\/betogather.hu\/en\/hirlevel\/","og_site_name":"Betogather Fesztiv\u00e1l","article_modified_time":"2025-12-23T11:23:39+00:00","og_image":[{"url":"https:\/\/betogather.hu\/wp-content\/uploads\/2025\/11\/Betogather-Hirlevel-2.jpg","type":"","width":"","height":""}],"twitter_card":"summary_large_image","twitter_misc":{"Est. reading time":"1 minute"},"schema":{"@context":"https:\/\/schema.org","@graph":[{"@type":"WebPage","@id":"https:\/\/betogather.hu\/hirlevel\/","url":"https:\/\/betogather.hu\/hirlevel\/","name":"H\u00edrlev\u00e9l - Betogather Fesztiv\u00e1l","isPartOf":{"@id":"https:\/\/betogather.hu\/#website"},"primaryImageOfPage":{"@id":"https:\/\/betogather.hu\/hirlevel\/#primaryimage"},"image":{"@id":"https:\/\/betogather.hu\/hirlevel\/#primaryimage"},"thumbnailUrl":"https:\/\/betogather.hu\/wp-content\/uploads\/2025\/11\/Betogather-Hirlevel-2.jpg","datePublished":"2025-11-10T19:39:17+00:00","dateModified":"2025-12-23T11:23:39+00:00","description":"Maradj naprak\u00e9sz legfrissebb h\u00edreinkkel \u00e9s \u00fajdons\u00e1gainkkal a BeToGather ny\u00e1ri elvonul\u00e1sfesztiv\u00e1lj\u00e1val kapcsolatban","breadcrumb":{"@id":"https:\/\/betogather.hu\/hirlevel\/#breadcrumb"},"inLanguage":"en-US","potentialAction":[{"@type":"ReadAction","target":["https:\/\/betogather.hu\/hirlevel\/"]}]},{"@type":"ImageObject","inLanguage":"en-US","@id":"https:\/\/betogather.hu\/hirlevel\/#primaryimage","url":"https:\/\/betogather.hu\/wp-content\/uploads\/2025\/11\/Betogather-Hirlevel-2.jpg","contentUrl":"https:\/\/betogather.hu\/wp-content\/uploads\/2025\/11\/Betogather-Hirlevel-2.jpg"},{"@type":"BreadcrumbList","@id":"https:\/\/betogather.hu\/hirlevel\/#breadcrumb","itemListElement":[{"@type":"ListItem","position":1,"name":"Kezd\u0151lap","item":"https:\/\/betogather.hu\/"},{"@type":"ListItem","position":2,"name":"H\u00edrlev\u00e9l"}]},{"@type":"WebSite","@id":"https:\/\/betogather.hu\/#website","url":"https:\/\/betogather.hu\/","name":"Betogather Fesztiv\u00e1l","description":"Find inner peace through meditation and deepen your self-awareness","publisher":{"@id":"https:\/\/betogather.hu\/#organization"},"potentialAction":[{"@type":"SearchAction","target":{"@type":"EntryPoint","urlTemplate":"https:\/\/betogather.hu\/?s={search_term_string}"},"query-input":{"@type":"PropertyValueSpecification","valueRequired":true,"valueName":"search_term_string"}}],"inLanguage":"en-US"},{"@type":"Organization","@id":"https:\/\/betogather.hu\/#organization","name":"Betogather Fesztiv\u00e1l","url":"https:\/\/betogather.hu\/","logo":{"@type":"ImageObject","inLanguage":"en-US","@id":"https:\/\/betogather.hu\/#\/schema\/logo\/image\/","url":"https:\/\/betogather.hu\/wp-content\/uploads\/2025\/09\/BeToGather-Fesztival-es-elvonulas.png","contentUrl":"https:\/\/betogather.hu\/wp-content\/uploads\/2025\/09\/BeToGather-Fesztival-es-elvonulas.png","width":250,"height":158,"caption":"Betogather Fesztiv\u00e1l"},"image":{"@id":"https:\/\/betogather.hu\/#\/schema\/logo\/image\/"}}]}},"_links":{"self":[{"href":"https:\/\/betogather.hu\/en\/wp-json\/wp\/v2\/pages\/1045","targetHints":{"allow":["GET"]}}],"collection":[{"href":"https:\/\/betogather.hu\/en\/wp-json\/wp\/v2\/pages"}],"about":[{"href":"https:\/\/betogather.hu\/en\/wp-json\/wp\/v2\/types\/page"}],"author":[{"embeddable":true,"href":"https:\/\/betogather.hu\/en\/wp-json\/wp\/v2\/users\/1"}],"replies":[{"embeddable":true,"href":"https:\/\/betogather.hu\/en\/wp-json\/wp\/v2\/comments?post=1045"}],"version-history":[{"count":0,"href":"https:\/\/betogather.hu\/en\/wp-json\/wp\/v2\/pages\/1045\/revisions"}],"wp:attachment":[{"href":"https:\/\/betogather.hu\/en\/wp-json\/wp\/v2\/media?parent=1045"}],"curies":[{"name":"wp","href":"https:\/\/api.w.org\/{rel}","templated":true}]}}