{"id":1409,"date":"2026-01-13T18:34:08","date_gmt":"2026-01-13T18:34:08","guid":{"rendered":"https:\/\/betogather.hu\/?page_id=1409"},"modified":"2026-03-30T09:56:45","modified_gmt":"2026-03-30T09:56:45","slug":"szolgaltatok","status":"publish","type":"page","link":"https:\/\/betogather.hu\/en\/szolgaltatok\/","title":{"rendered":"Szolg\u00e1ltat\u00f3k"},"content":{"rendered":"<div data-elementor-type=\"wp-page\" data-elementor-id=\"1409\" class=\"elementor elementor-1409\" data-elementor-post-type=\"page\">\n\t\t\t\t<div class=\"elementor-element elementor-element-1cf9365 e-flex e-con-boxed e-con e-parent\" data-id=\"1cf9365\" data-element_type=\"container\">\n\t\t\t\t\t<div class=\"e-con-inner\">\n\t\t<div class=\"elementor-element elementor-element-8530df1 e-con-full e-flex e-con e-child\" data-id=\"8530df1\" data-element_type=\"container\">\n\t\t\t\t<div class=\"elementor-element elementor-element-80f3fa8 elementor-widget elementor-widget-text-editor\" data-id=\"80f3fa8\" data-element_type=\"widget\" data-widget_type=\"text-editor.default\">\n\t\t\t\t\t\t\t\t\t<div class=\"short-title-wrapper\"><div class=\"sub-heading text-capitalize change-color-white two\" data-w-id=\"31698a44-3084-004c-b8a3-01b7efc13f5a\">EGY\u00dcTTM\u0170K\u00d6D\u00c9S<\/div><\/div>\t\t\t\t\t\t\t\t<\/div>\n\t\t\t\t<div class=\"elementor-element elementor-element-d44894f elementor-widget elementor-widget-heading\" data-id=\"d44894f\" data-element_type=\"widget\" data-widget_type=\"heading.default\">\n\t\t\t\t\t<h2 class=\"elementor-heading-title elementor-size-default\">Szolg\u00e1ltat\u00f3i jelentkez\u00e9s<\/h2>\t\t\t\t<\/div>\n\t\t\t\t<div class=\"elementor-element elementor-element-e600607 elementor-widget-divider--view-line elementor-widget elementor-widget-divider\" data-id=\"e600607\" data-element_type=\"widget\" data-widget_type=\"divider.default\">\n\t\t\t\t\t\t\t<div class=\"elementor-divider\">\n\t\t\t<span class=\"elementor-divider-separator\">\n\t\t\t\t\t\t<\/span>\n\t\t<\/div>\n\t\t\t\t\t\t<\/div>\n\t\t\t\t<\/div>\n\t\t<div class=\"elementor-element elementor-element-495175a e-con-full e-flex e-con e-child\" data-id=\"495175a\" data-element_type=\"container\">\n\t\t\t\t<div class=\"elementor-element elementor-element-18fb040 elementor-widget elementor-widget-text-editor\" data-id=\"18fb040\" data-element_type=\"widget\" data-widget_type=\"text-editor.default\">\n\t\t\t\t\t\t\t\t\t<p>Kedves Jelentkez\u0151!<\/p><p>Kedves Leend\u0151 Partner\u00fcnk!<\/p>\t\t\t\t\t\t\t\t<\/div>\n\t\t\t\t<div class=\"elementor-element elementor-element-a7b313f elementor-widget elementor-widget-text-editor\" data-id=\"a7b313f\" data-element_type=\"widget\" data-widget_type=\"text-editor.default\">\n\t\t\t\t\t\t\t\t\t<p>\u00d6r\u00f6mmel fogadtuk \u00e9rdekl\u0151d\u00e9sedet a BeToGather Fesztiv\u00e1l 2026 ir\u00e1nt, \u00e9s k\u00f6sz\u00f6nj\u00fck, hogy fontol\u00f3ra vetted a csatlakoz\u00e1st workshop partnerk\u00e9nt, szolg\u00e1ltat\u00f3k\u00e9nt, egy\u00e9ni kezel\u00e9st v\u00e9gz\u0151 partnerk\u00e9nt, keresked\u0151k\u00e9nt vagy vend\u00e9gl\u00e1t\u00f3sk\u00e9nt.<\/p><p>A BeToGather egy tudatos, \u00f6nismereti elvonul\u00e1sfesztiv\u00e1l, a halad\u00f3 \u00f6nismeretben j\u00e1r\u00f3knak, ahol a k\u00f6z\u00f6s \u00e9rt\u00e9krend \u00e9s a min\u0151s\u00e9gi jelenl\u00e9t legal\u00e1bb olyan fontos, mint maga a programk\u00edn\u00e1lat.<\/p>\t\t\t\t\t\t\t\t<\/div>\n\t\t\t\t<div class=\"elementor-element elementor-element-acd3445 elementor-widget elementor-widget-text-editor\" data-id=\"acd3445\" data-element_type=\"widget\" data-widget_type=\"text-editor.default\">\n\t\t\t\t\t\t\t\t\t<p>Az al\u00e1bbi e-mail c\u00edmre \u00edrj egy jelentkez\u00e9si sz\u00e1nd\u00e9k levelet (ez m\u00e9g nem jelent automatikus elfogad\u00e1st). Az m\u00e1sodik k\u00f6r\u00f6s jelentkez\u00e9si hat\u00e1rid\u0151: \u00e1prilis 21. V\u00e1laszlev\u00e9lben elk\u00fcldj\u00fck a t\u00e1j\u00e9koztat\u00f3t a felt\u00e9telekr\u0151l, illetve a jelentkez\u00e9si \u0171rlapot, amin kereszt\u00fcl jelentkezhetsz. A be\u00e9rkezett jelentkez\u00e9seket szakmai \u00e9s \u00e9rt\u00e9krendi szempontok alapj\u00e1n b\u00edr\u00e1ljuk el.<\/p><p>Ide \u00edrj nek\u00fcnk: <a href=\"mailto:zoltan.szlavik@betogather.hu\">zoltan.szlavik@betogather.hu<\/a><\/p>\t\t\t\t\t\t\t\t<\/div>\n\t\t\t\t<\/div>\n\t\t\t\t\t<\/div>\n\t\t\t\t<\/div>\n\t\t\t\t<\/div>","protected":false},"excerpt":{"rendered":"<p>EGY\u00dcTTM\u0170K\u00d6D\u00c9S Szolg\u00e1ltat\u00f3i jelentkez\u00e9s Kedves Jelentkez\u0151! Kedves Leend\u0151 Partner\u00fcnk! \u00d6r\u00f6mmel fogadtuk \u00e9rdekl\u0151d\u00e9sedet a BeToGather Fesztiv\u00e1l 2026 ir\u00e1nt, \u00e9s k\u00f6sz\u00f6nj\u00fck, hogy fontol\u00f3ra vetted a csatlakoz\u00e1st workshop partnerk\u00e9nt, szolg\u00e1ltat\u00f3k\u00e9nt, egy\u00e9ni kezel\u00e9st v\u00e9gz\u0151 partnerk\u00e9nt, keresked\u0151k\u00e9nt vagy vend\u00e9gl\u00e1t\u00f3sk\u00e9nt. A BeToGather egy tudatos, \u00f6nismereti elvonul\u00e1sfesztiv\u00e1l, a halad\u00f3 \u00f6nismeretben j\u00e1r\u00f3knak, ahol a k\u00f6z\u00f6s \u00e9rt\u00e9krend \u00e9s a min\u0151s\u00e9gi jelenl\u00e9t legal\u00e1bb olyan fontos, mint [&hellip;]<\/p>","protected":false},"author":1,"featured_media":0,"parent":0,"menu_order":0,"comment_status":"closed","ping_status":"closed","template":"","meta":{"_acf_changed":false,"footnotes":""},"class_list":["post-1409","page","type-page","status-publish","hentry"],"acf":[],"yoast_head":"<!-- This site is optimized with the Yoast SEO plugin v26.3 - https:\/\/yoast.com\/wordpress\/plugins\/seo\/ -->\n<title>Szolg\u00e1ltat\u00f3k - Betogather Fesztiv\u00e1l<\/title>\n<meta name=\"robots\" content=\"index, follow, max-snippet:-1, max-image-preview:large, max-video-preview:-1\" \/>\n<link rel=\"canonical\" href=\"https:\/\/betogather.hu\/en\/szolgaltatok\/\" \/>\n<meta property=\"og:locale\" content=\"en_US\" \/>\n<meta property=\"og:type\" content=\"article\" \/>\n<meta property=\"og:title\" content=\"Szolg\u00e1ltat\u00f3k - Betogather Fesztiv\u00e1l\" \/>\n<meta property=\"og:description\" content=\"EGY\u00dcTTM\u0170K\u00d6D\u00c9S Szolg\u00e1ltat\u00f3i jelentkez\u00e9s Kedves Jelentkez\u0151! Kedves Leend\u0151 Partner\u00fcnk! \u00d6r\u00f6mmel fogadtuk \u00e9rdekl\u0151d\u00e9sedet a BeToGather Fesztiv\u00e1l 2026 ir\u00e1nt, \u00e9s k\u00f6sz\u00f6nj\u00fck, hogy fontol\u00f3ra vetted a csatlakoz\u00e1st workshop partnerk\u00e9nt, szolg\u00e1ltat\u00f3k\u00e9nt, egy\u00e9ni kezel\u00e9st v\u00e9gz\u0151 partnerk\u00e9nt, keresked\u0151k\u00e9nt vagy vend\u00e9gl\u00e1t\u00f3sk\u00e9nt. A BeToGather egy tudatos, \u00f6nismereti elvonul\u00e1sfesztiv\u00e1l, a halad\u00f3 \u00f6nismeretben j\u00e1r\u00f3knak, ahol a k\u00f6z\u00f6s \u00e9rt\u00e9krend \u00e9s a min\u0151s\u00e9gi jelenl\u00e9t legal\u00e1bb olyan fontos, mint [&hellip;]\" \/>\n<meta property=\"og:url\" content=\"https:\/\/betogather.hu\/en\/szolgaltatok\/\" \/>\n<meta property=\"og:site_name\" content=\"Betogather Fesztiv\u00e1l\" \/>\n<meta property=\"article:modified_time\" content=\"2026-03-30T09:56:45+00:00\" \/>\n<meta name=\"twitter:card\" content=\"summary_large_image\" \/>\n<meta name=\"twitter:label1\" content=\"Est. reading time\" \/>\n\t<meta name=\"twitter:data1\" content=\"1 minute\" \/>\n<script type=\"application\/ld+json\" class=\"yoast-schema-graph\">{\"@context\":\"https:\/\/schema.org\",\"@graph\":[{\"@type\":\"WebPage\",\"@id\":\"https:\/\/betogather.hu\/szolgaltatok\/\",\"url\":\"https:\/\/betogather.hu\/szolgaltatok\/\",\"name\":\"Szolg\u00e1ltat\u00f3k - Betogather Fesztiv\u00e1l\",\"isPartOf\":{\"@id\":\"https:\/\/betogather.hu\/#website\"},\"datePublished\":\"2026-01-13T18:34:08+00:00\",\"dateModified\":\"2026-03-30T09:56:45+00:00\",\"breadcrumb\":{\"@id\":\"https:\/\/betogather.hu\/szolgaltatok\/#breadcrumb\"},\"inLanguage\":\"en-US\",\"potentialAction\":[{\"@type\":\"ReadAction\",\"target\":[\"https:\/\/betogather.hu\/szolgaltatok\/\"]}]},{\"@type\":\"BreadcrumbList\",\"@id\":\"https:\/\/betogather.hu\/szolgaltatok\/#breadcrumb\",\"itemListElement\":[{\"@type\":\"ListItem\",\"position\":1,\"name\":\"Kezd\u0151lap\",\"item\":\"https:\/\/betogather.hu\/\"},{\"@type\":\"ListItem\",\"position\":2,\"name\":\"Szolg\u00e1ltat\u00f3k\"}]},{\"@type\":\"WebSite\",\"@id\":\"https:\/\/betogather.hu\/#website\",\"url\":\"https:\/\/betogather.hu\/\",\"name\":\"Betogather Fesztiv\u00e1l\",\"description\":\"Tal\u00e1lj bels\u0151 b\u00e9k\u00e9re a medit\u00e1ci\u00f3val \u00e9s m\u00e9lyedj el az \u00f6nismeretben\",\"publisher\":{\"@id\":\"https:\/\/betogather.hu\/#organization\"},\"potentialAction\":[{\"@type\":\"SearchAction\",\"target\":{\"@type\":\"EntryPoint\",\"urlTemplate\":\"https:\/\/betogather.hu\/?s={search_term_string}\"},\"query-input\":{\"@type\":\"PropertyValueSpecification\",\"valueRequired\":true,\"valueName\":\"search_term_string\"}}],\"inLanguage\":\"en-US\"},{\"@type\":\"Organization\",\"@id\":\"https:\/\/betogather.hu\/#organization\",\"name\":\"Betogather Fesztiv\u00e1l\",\"url\":\"https:\/\/betogather.hu\/\",\"logo\":{\"@type\":\"ImageObject\",\"inLanguage\":\"en-US\",\"@id\":\"https:\/\/betogather.hu\/#\/schema\/logo\/image\/\",\"url\":\"https:\/\/betogather.hu\/wp-content\/uploads\/2025\/09\/BeToGather-Fesztival-es-elvonulas.png\",\"contentUrl\":\"https:\/\/betogather.hu\/wp-content\/uploads\/2025\/09\/BeToGather-Fesztival-es-elvonulas.png\",\"width\":250,\"height\":158,\"caption\":\"Betogather Fesztiv\u00e1l\"},\"image\":{\"@id\":\"https:\/\/betogather.hu\/#\/schema\/logo\/image\/\"}}]}<\/script>\n<!-- \/ Yoast SEO plugin. -->","yoast_head_json":{"title":"Szolg\u00e1ltat\u00f3k - Betogather Fesztiv\u00e1l","robots":{"index":"index","follow":"follow","max-snippet":"max-snippet:-1","max-image-preview":"max-image-preview:large","max-video-preview":"max-video-preview:-1"},"canonical":"https:\/\/betogather.hu\/en\/szolgaltatok\/","og_locale":"en_US","og_type":"article","og_title":"Szolg\u00e1ltat\u00f3k - Betogather Fesztiv\u00e1l","og_description":"EGY\u00dcTTM\u0170K\u00d6D\u00c9S Szolg\u00e1ltat\u00f3i jelentkez\u00e9s Kedves Jelentkez\u0151! Kedves Leend\u0151 Partner\u00fcnk! \u00d6r\u00f6mmel fogadtuk \u00e9rdekl\u0151d\u00e9sedet a BeToGather Fesztiv\u00e1l 2026 ir\u00e1nt, \u00e9s k\u00f6sz\u00f6nj\u00fck, hogy fontol\u00f3ra vetted a csatlakoz\u00e1st workshop partnerk\u00e9nt, szolg\u00e1ltat\u00f3k\u00e9nt, egy\u00e9ni kezel\u00e9st v\u00e9gz\u0151 partnerk\u00e9nt, keresked\u0151k\u00e9nt vagy vend\u00e9gl\u00e1t\u00f3sk\u00e9nt. A BeToGather egy tudatos, \u00f6nismereti elvonul\u00e1sfesztiv\u00e1l, a halad\u00f3 \u00f6nismeretben j\u00e1r\u00f3knak, ahol a k\u00f6z\u00f6s \u00e9rt\u00e9krend \u00e9s a min\u0151s\u00e9gi jelenl\u00e9t legal\u00e1bb olyan fontos, mint [&hellip;]","og_url":"https:\/\/betogather.hu\/en\/szolgaltatok\/","og_site_name":"Betogather Fesztiv\u00e1l","article_modified_time":"2026-03-30T09:56:45+00:00","twitter_card":"summary_large_image","twitter_misc":{"Est. reading time":"1 minute"},"schema":{"@context":"https:\/\/schema.org","@graph":[{"@type":"WebPage","@id":"https:\/\/betogather.hu\/szolgaltatok\/","url":"https:\/\/betogather.hu\/szolgaltatok\/","name":"Szolg\u00e1ltat\u00f3k - Betogather Fesztiv\u00e1l","isPartOf":{"@id":"https:\/\/betogather.hu\/#website"},"datePublished":"2026-01-13T18:34:08+00:00","dateModified":"2026-03-30T09:56:45+00:00","breadcrumb":{"@id":"https:\/\/betogather.hu\/szolgaltatok\/#breadcrumb"},"inLanguage":"en-US","potentialAction":[{"@type":"ReadAction","target":["https:\/\/betogather.hu\/szolgaltatok\/"]}]},{"@type":"BreadcrumbList","@id":"https:\/\/betogather.hu\/szolgaltatok\/#breadcrumb","itemListElement":[{"@type":"ListItem","position":1,"name":"Kezd\u0151lap","item":"https:\/\/betogather.hu\/"},{"@type":"ListItem","position":2,"name":"Szolg\u00e1ltat\u00f3k"}]},{"@type":"WebSite","@id":"https:\/\/betogather.hu\/#website","url":"https:\/\/betogather.hu\/","name":"Betogather Fesztiv\u00e1l","description":"Find inner peace through meditation and deepen your self-awareness","publisher":{"@id":"https:\/\/betogather.hu\/#organization"},"potentialAction":[{"@type":"SearchAction","target":{"@type":"EntryPoint","urlTemplate":"https:\/\/betogather.hu\/?s={search_term_string}"},"query-input":{"@type":"PropertyValueSpecification","valueRequired":true,"valueName":"search_term_string"}}],"inLanguage":"en-US"},{"@type":"Organization","@id":"https:\/\/betogather.hu\/#organization","name":"Betogather Fesztiv\u00e1l","url":"https:\/\/betogather.hu\/","logo":{"@type":"ImageObject","inLanguage":"en-US","@id":"https:\/\/betogather.hu\/#\/schema\/logo\/image\/","url":"https:\/\/betogather.hu\/wp-content\/uploads\/2025\/09\/BeToGather-Fesztival-es-elvonulas.png","contentUrl":"https:\/\/betogather.hu\/wp-content\/uploads\/2025\/09\/BeToGather-Fesztival-es-elvonulas.png","width":250,"height":158,"caption":"Betogather Fesztiv\u00e1l"},"image":{"@id":"https:\/\/betogather.hu\/#\/schema\/logo\/image\/"}}]}},"_links":{"self":[{"href":"https:\/\/betogather.hu\/en\/wp-json\/wp\/v2\/pages\/1409","targetHints":{"allow":["GET"]}}],"collection":[{"href":"https:\/\/betogather.hu\/en\/wp-json\/wp\/v2\/pages"}],"about":[{"href":"https:\/\/betogather.hu\/en\/wp-json\/wp\/v2\/types\/page"}],"author":[{"embeddable":true,"href":"https:\/\/betogather.hu\/en\/wp-json\/wp\/v2\/users\/1"}],"replies":[{"embeddable":true,"href":"https:\/\/betogather.hu\/en\/wp-json\/wp\/v2\/comments?post=1409"}],"version-history":[{"count":0,"href":"https:\/\/betogather.hu\/en\/wp-json\/wp\/v2\/pages\/1409\/revisions"}],"wp:attachment":[{"href":"https:\/\/betogather.hu\/en\/wp-json\/wp\/v2\/media?parent=1409"}],"curies":[{"name":"wp","href":"https:\/\/api.w.org\/{rel}","templated":true}]}}