{"id":3687,"date":"2026-04-27T08:11:17","date_gmt":"2026-04-27T08:11:17","guid":{"rendered":"https:\/\/betogather.hu\/?page_id=3687"},"modified":"2026-04-27T08:15:51","modified_gmt":"2026-04-27T08:15:51","slug":"onkentesek","status":"publish","type":"page","link":"https:\/\/betogather.hu\/en\/onkentesek\/","title":{"rendered":"\u00d6nk\u00e9ntesek"},"content":{"rendered":"<div data-elementor-type=\"wp-page\" data-elementor-id=\"3687\" class=\"elementor elementor-3687\" data-elementor-post-type=\"page\">\n\t\t\t\t<div class=\"elementor-element elementor-element-d5d35e e-flex e-con-boxed e-con e-parent\" data-id=\"d5d35e\" data-element_type=\"container\" data-e-type=\"container\">\n\t\t\t\t\t<div class=\"e-con-inner\">\n\t\t<div class=\"elementor-element elementor-element-19454f8a e-con-full e-flex e-con e-child\" data-id=\"19454f8a\" data-element_type=\"container\" data-e-type=\"container\">\n\t\t\t\t<div class=\"elementor-element elementor-element-75043723 elementor-widget elementor-widget-text-editor\" data-id=\"75043723\" data-element_type=\"widget\" data-e-type=\"widget\" data-widget_type=\"text-editor.default\">\n\t\t\t\t\t\t\t\t\t<div class=\"short-title-wrapper\"><div class=\"sub-heading text-capitalize change-color-white two\" data-w-id=\"31698a44-3084-004c-b8a3-01b7efc13f5a\">EGY\u00dcTTM\u0170K\u00d6D\u00c9S<\/div><\/div>\t\t\t\t\t\t\t\t<\/div>\n\t\t\t\t<div class=\"elementor-element elementor-element-2a8eb406 elementor-widget elementor-widget-heading\" data-id=\"2a8eb406\" data-element_type=\"widget\" data-e-type=\"widget\" data-widget_type=\"heading.default\">\n\t\t\t\t\t<h2 class=\"elementor-heading-title elementor-size-default\">\u00d6nk\u00e9ntes jelentkez\u00e9s<\/h2>\t\t\t\t<\/div>\n\t\t\t\t<div class=\"elementor-element elementor-element-2ee97f52 elementor-widget-divider--view-line elementor-widget elementor-widget-divider\" data-id=\"2ee97f52\" data-element_type=\"widget\" data-e-type=\"widget\" data-widget_type=\"divider.default\">\n\t\t\t\t\t\t\t<div class=\"elementor-divider\">\n\t\t\t<span class=\"elementor-divider-separator\">\n\t\t\t\t\t\t<\/span>\n\t\t<\/div>\n\t\t\t\t\t\t<\/div>\n\t\t\t\t<\/div>\n\t\t<div class=\"elementor-element elementor-element-15c9aab1 e-con-full e-flex e-con e-child\" data-id=\"15c9aab1\" data-element_type=\"container\" data-e-type=\"container\">\n\t\t\t\t<div class=\"elementor-element elementor-element-4da1614 elementor-widget elementor-widget-text-editor\" data-id=\"4da1614\" data-element_type=\"widget\" data-e-type=\"widget\" data-widget_type=\"text-editor.default\">\n\t\t\t\t\t\t\t\t\t<p>Kedves Jelentkez\u0151!<\/p><p>Kedves Leend\u0151 \u00d6nk\u00e9ntes\u00fcnk!<\/p>\t\t\t\t\t\t\t\t<\/div>\n\t\t\t\t<div class=\"elementor-element elementor-element-25348266 elementor-widget elementor-widget-text-editor\" data-id=\"25348266\" data-element_type=\"widget\" data-e-type=\"widget\" data-widget_type=\"text-editor.default\">\n\t\t\t\t\t\t\t\t\t<div>Ha \u00e9rzed a h\u00edv\u00e1st, hogy ne csak r\u00e9sztvev\u0151k\u00e9nt, hanem akt\u00edv alkot\u00f3k\u00e9nt is jelen legy\u00e9l, \u00e9s sz\u00edvesen hozz\u00e1j\u00e1ruln\u00e1l a BeToGather Fesztiv\u00e1l megsz\u00fclet\u00e9s\u00e9hez 2026. j\u00fanius 22-29. k\u00f6z\u00f6tt*, akkor nagy \u00f6r\u00f6mmel v\u00e1rjuk a jelentkez\u00e9sedet. K\u00e9r\u00fcnk, t\u00f6ltsd ki az al\u00e1bbi k\u00e9rd\u0151\u00edvet, ha \u00f6nk\u00e9ntesk\u00e9nt csatlakozn\u00e1l hozz\u00e1nk.<\/div><div>\u00a0<\/div><div>A fesztiv\u00e1l ideje alatt \u00e1ltal\u00e1ban napi kb. 6 \u00f3ra feladatv\u00e1llal\u00e1sra sz\u00e1m\u00edtunk r\u00e9szedr\u0151l**, a fennmarad\u00f3 id\u0151ben pedig szabadon \u00e9lvezheted a programokat, kapcsol\u00f3dhatsz \u00e9s r\u00e9szese lehetsz a fesztiv\u00e1l \u00e9lm\u00e9ny\u00e9nek.<\/div><div>\u00a0<\/div><div><p>\ud83d\uddd3 Jelentkez\u00e9si hat\u00e1rid\u0151: 2026. m\u00e1jus 05. (\u00e9jf\u00e9l)<\/p><p>\ud83d\udce9 Visszajelz\u00e9s: v\u00e1rhat\u00f3an m\u00e1jus 10-ig, e-mailben<\/p><\/div><div>\u00a0<\/div><div>Nagyon \u00f6r\u00fcl\u00fcnk, ha vel\u00fcnk tartasz, \u00e9s egy\u00fctt hozhatjuk l\u00e9tre ezt a k\u00fcl\u00f6nleges teret. \ud83d\udc9b<\/div><div>Szeretettel v\u00e1runk a BeToGather \u00f6nk\u00e9ntes csapat\u00e1ba!<\/div><div><p>A BeToGather szervez\u0151i<\/p><\/div><div>\u00a0<\/div><div><div><p>* Az, hogy pontosan mely napokon sz\u00fcks\u00e9ges a jelenl\u00e9ted, az \u00e1ltalad v\u00e1lasztott ter\u00fclett\u0151l f\u00fcgg.\u00a0A legt\u00f6bb \u00f6nk\u00e9ntes sz\u00e1m\u00e1ra a jelenl\u00e9t id\u0151szaka j\u00fanius 23\u201328. k\u00f6z\u00e9 esik.<\/p><ul><li>Egyes csapatok (pl. dekor, m\u0171szaki) m\u00e1r j\u00fanius 22-\u00e9n kezdik a munk\u00e1t<\/li><li>M\u00e1sok (pl. logisztika, z\u00f6ld csapat, hotline, univerz\u00e1lis csapat) j\u00fanius 29-\u00e9n z\u00e1rnak<\/li><\/ul><p>** A napi beoszt\u00e1s v\u00e1ltozhat, a feladatk\u00f6rt\u0151l f\u00fcgg\u0151en.\u00a0Az \u00e9p\u00edt\u00e9shez \u00e9s bont\u00e1shoz kapcsol\u00f3d\u00f3 csapatokn\u00e1l (pl. dekor, m\u0171szaki) a munkarend a fentiekt\u0151l elt\u00e9rhet.<\/p><\/div><\/div>\t\t\t\t\t\t\t\t<\/div>\n\t\t\t\t<div class=\"elementor-element elementor-element-34a924e elementor-widget elementor-widget-button\" data-id=\"34a924e\" data-element_type=\"widget\" data-e-type=\"widget\" data-widget_type=\"button.default\">\n\t\t\t\t\t\t\t\t\t\t<a class=\"elementor-button elementor-button-link elementor-size-sm\" href=\"https:\/\/docs.google.com\/forms\/d\/e\/1FAIpQLSeJTNURv4csYQ8rwLRrzfBJZJS73hYFLNZiJ8USOAOWFaBA4Q\/viewform\">\n\t\t\t\t\t\t<span class=\"elementor-button-content-wrapper\">\n\t\t\t\t\t\t\t\t\t<span class=\"elementor-button-text\">Jelentkezek \u00f6nk\u00e9ntsenek<\/span>\n\t\t\t\t\t<\/span>\n\t\t\t\t\t<\/a>\n\t\t\t\t\t\t\t\t<\/div>\n\t\t\t\t<div class=\"elementor-element elementor-element-2424739 elementor-widget elementor-widget-text-editor\" data-id=\"2424739\" data-element_type=\"widget\" data-e-type=\"widget\" data-widget_type=\"text-editor.default\">\n\t\t\t\t\t\t\t\t\t<p>K\u00e9rd\u00e9s eset\u00e9n k\u00e9rj\u00fck ide \u00edrj nek\u00fcnk: <a href=\"mailto:onkentes.betogather@gmail.com\">onkentes.betogather@gmail.com<\/a><\/p>\t\t\t\t\t\t\t\t<\/div>\n\t\t\t\t<\/div>\n\t\t\t\t\t<\/div>\n\t\t\t\t<\/div>\n\t\t\t\t<\/div>","protected":false},"excerpt":{"rendered":"<p>EGY\u00dcTTM\u0170K\u00d6D\u00c9S \u00d6nk\u00e9ntes jelentkez\u00e9s Kedves Jelentkez\u0151! Kedves Leend\u0151 \u00d6nk\u00e9ntes\u00fcnk! Ha \u00e9rzed a h\u00edv\u00e1st, hogy ne csak r\u00e9sztvev\u0151k\u00e9nt, hanem akt\u00edv alkot\u00f3k\u00e9nt is jelen legy\u00e9l, \u00e9s sz\u00edvesen hozz\u00e1j\u00e1ruln\u00e1l a BeToGather Fesztiv\u00e1l megsz\u00fclet\u00e9s\u00e9hez 2026. j\u00fanius 22-29. k\u00f6z\u00f6tt*, akkor nagy \u00f6r\u00f6mmel v\u00e1rjuk a jelentkez\u00e9sedet. K\u00e9r\u00fcnk, t\u00f6ltsd ki az al\u00e1bbi k\u00e9rd\u0151\u00edvet, ha \u00f6nk\u00e9ntesk\u00e9nt csatlakozn\u00e1l hozz\u00e1nk.\u00a0A fesztiv\u00e1l ideje alatt \u00e1ltal\u00e1ban napi kb. [&hellip;]<\/p>","protected":false},"author":1,"featured_media":0,"parent":0,"menu_order":0,"comment_status":"closed","ping_status":"closed","template":"","meta":{"_acf_changed":false,"footnotes":""},"class_list":["post-3687","page","type-page","status-publish","hentry"],"acf":[],"yoast_head":"<!-- This site is optimized with the Yoast SEO plugin v26.3 - https:\/\/yoast.com\/wordpress\/plugins\/seo\/ -->\n<title>\u00d6nk\u00e9ntesek - Betogather Fesztiv\u00e1l<\/title>\n<meta name=\"robots\" content=\"index, follow, max-snippet:-1, max-image-preview:large, max-video-preview:-1\" \/>\n<link rel=\"canonical\" href=\"https:\/\/betogather.hu\/en\/onkentesek\/\" \/>\n<meta property=\"og:locale\" content=\"en_US\" \/>\n<meta property=\"og:type\" content=\"article\" \/>\n<meta property=\"og:title\" content=\"\u00d6nk\u00e9ntesek - Betogather Fesztiv\u00e1l\" \/>\n<meta property=\"og:description\" content=\"EGY\u00dcTTM\u0170K\u00d6D\u00c9S \u00d6nk\u00e9ntes jelentkez\u00e9s Kedves Jelentkez\u0151! Kedves Leend\u0151 \u00d6nk\u00e9ntes\u00fcnk! Ha \u00e9rzed a h\u00edv\u00e1st, hogy ne csak r\u00e9sztvev\u0151k\u00e9nt, hanem akt\u00edv alkot\u00f3k\u00e9nt is jelen legy\u00e9l, \u00e9s sz\u00edvesen hozz\u00e1j\u00e1ruln\u00e1l a BeToGather Fesztiv\u00e1l megsz\u00fclet\u00e9s\u00e9hez 2026. j\u00fanius 22-29. k\u00f6z\u00f6tt*, akkor nagy \u00f6r\u00f6mmel v\u00e1rjuk a jelentkez\u00e9sedet. K\u00e9r\u00fcnk, t\u00f6ltsd ki az al\u00e1bbi k\u00e9rd\u0151\u00edvet, ha \u00f6nk\u00e9ntesk\u00e9nt csatlakozn\u00e1l hozz\u00e1nk.\u00a0A fesztiv\u00e1l ideje alatt \u00e1ltal\u00e1ban napi kb. [&hellip;]\" \/>\n<meta property=\"og:url\" content=\"https:\/\/betogather.hu\/en\/onkentesek\/\" \/>\n<meta property=\"og:site_name\" content=\"Betogather Fesztiv\u00e1l\" \/>\n<meta property=\"article:modified_time\" content=\"2026-04-27T08:15:51+00:00\" \/>\n<meta name=\"twitter:card\" content=\"summary_large_image\" \/>\n<meta name=\"twitter:label1\" content=\"Est. reading time\" \/>\n\t<meta name=\"twitter:data1\" content=\"2 minutes\" \/>\n<script type=\"application\/ld+json\" class=\"yoast-schema-graph\">{\"@context\":\"https:\/\/schema.org\",\"@graph\":[{\"@type\":\"WebPage\",\"@id\":\"https:\/\/betogather.hu\/onkentesek\/\",\"url\":\"https:\/\/betogather.hu\/onkentesek\/\",\"name\":\"\u00d6nk\u00e9ntesek - Betogather Fesztiv\u00e1l\",\"isPartOf\":{\"@id\":\"https:\/\/betogather.hu\/#website\"},\"datePublished\":\"2026-04-27T08:11:17+00:00\",\"dateModified\":\"2026-04-27T08:15:51+00:00\",\"breadcrumb\":{\"@id\":\"https:\/\/betogather.hu\/onkentesek\/#breadcrumb\"},\"inLanguage\":\"en-US\",\"potentialAction\":[{\"@type\":\"ReadAction\",\"target\":[\"https:\/\/betogather.hu\/onkentesek\/\"]}]},{\"@type\":\"BreadcrumbList\",\"@id\":\"https:\/\/betogather.hu\/onkentesek\/#breadcrumb\",\"itemListElement\":[{\"@type\":\"ListItem\",\"position\":1,\"name\":\"Kezd\u0151lap\",\"item\":\"https:\/\/betogather.hu\/\"},{\"@type\":\"ListItem\",\"position\":2,\"name\":\"\u00d6nk\u00e9ntesek\"}]},{\"@type\":\"WebSite\",\"@id\":\"https:\/\/betogather.hu\/#website\",\"url\":\"https:\/\/betogather.hu\/\",\"name\":\"Betogather Fesztiv\u00e1l\",\"description\":\"Tal\u00e1lj bels\u0151 b\u00e9k\u00e9re a medit\u00e1ci\u00f3val \u00e9s m\u00e9lyedj el az \u00f6nismeretben\",\"publisher\":{\"@id\":\"https:\/\/betogather.hu\/#organization\"},\"potentialAction\":[{\"@type\":\"SearchAction\",\"target\":{\"@type\":\"EntryPoint\",\"urlTemplate\":\"https:\/\/betogather.hu\/?s={search_term_string}\"},\"query-input\":{\"@type\":\"PropertyValueSpecification\",\"valueRequired\":true,\"valueName\":\"search_term_string\"}}],\"inLanguage\":\"en-US\"},{\"@type\":\"Organization\",\"@id\":\"https:\/\/betogather.hu\/#organization\",\"name\":\"Betogather Fesztiv\u00e1l\",\"url\":\"https:\/\/betogather.hu\/\",\"logo\":{\"@type\":\"ImageObject\",\"inLanguage\":\"en-US\",\"@id\":\"https:\/\/betogather.hu\/#\/schema\/logo\/image\/\",\"url\":\"https:\/\/betogather.hu\/wp-content\/uploads\/2025\/09\/BeToGather-Fesztival-es-elvonulas.png\",\"contentUrl\":\"https:\/\/betogather.hu\/wp-content\/uploads\/2025\/09\/BeToGather-Fesztival-es-elvonulas.png\",\"width\":250,\"height\":158,\"caption\":\"Betogather Fesztiv\u00e1l\"},\"image\":{\"@id\":\"https:\/\/betogather.hu\/#\/schema\/logo\/image\/\"}}]}<\/script>\n<!-- \/ Yoast SEO plugin. -->","yoast_head_json":{"title":"\u00d6nk\u00e9ntesek - Betogather Fesztiv\u00e1l","robots":{"index":"index","follow":"follow","max-snippet":"max-snippet:-1","max-image-preview":"max-image-preview:large","max-video-preview":"max-video-preview:-1"},"canonical":"https:\/\/betogather.hu\/en\/onkentesek\/","og_locale":"en_US","og_type":"article","og_title":"\u00d6nk\u00e9ntesek - Betogather Fesztiv\u00e1l","og_description":"EGY\u00dcTTM\u0170K\u00d6D\u00c9S \u00d6nk\u00e9ntes jelentkez\u00e9s Kedves Jelentkez\u0151! Kedves Leend\u0151 \u00d6nk\u00e9ntes\u00fcnk! Ha \u00e9rzed a h\u00edv\u00e1st, hogy ne csak r\u00e9sztvev\u0151k\u00e9nt, hanem akt\u00edv alkot\u00f3k\u00e9nt is jelen legy\u00e9l, \u00e9s sz\u00edvesen hozz\u00e1j\u00e1ruln\u00e1l a BeToGather Fesztiv\u00e1l megsz\u00fclet\u00e9s\u00e9hez 2026. j\u00fanius 22-29. k\u00f6z\u00f6tt*, akkor nagy \u00f6r\u00f6mmel v\u00e1rjuk a jelentkez\u00e9sedet. K\u00e9r\u00fcnk, t\u00f6ltsd ki az al\u00e1bbi k\u00e9rd\u0151\u00edvet, ha \u00f6nk\u00e9ntesk\u00e9nt csatlakozn\u00e1l hozz\u00e1nk.\u00a0A fesztiv\u00e1l ideje alatt \u00e1ltal\u00e1ban napi kb. [&hellip;]","og_url":"https:\/\/betogather.hu\/en\/onkentesek\/","og_site_name":"Betogather Fesztiv\u00e1l","article_modified_time":"2026-04-27T08:15:51+00:00","twitter_card":"summary_large_image","twitter_misc":{"Est. reading time":"2 minutes"},"schema":{"@context":"https:\/\/schema.org","@graph":[{"@type":"WebPage","@id":"https:\/\/betogather.hu\/onkentesek\/","url":"https:\/\/betogather.hu\/onkentesek\/","name":"\u00d6nk\u00e9ntesek - Betogather Fesztiv\u00e1l","isPartOf":{"@id":"https:\/\/betogather.hu\/#website"},"datePublished":"2026-04-27T08:11:17+00:00","dateModified":"2026-04-27T08:15:51+00:00","breadcrumb":{"@id":"https:\/\/betogather.hu\/onkentesek\/#breadcrumb"},"inLanguage":"en-US","potentialAction":[{"@type":"ReadAction","target":["https:\/\/betogather.hu\/onkentesek\/"]}]},{"@type":"BreadcrumbList","@id":"https:\/\/betogather.hu\/onkentesek\/#breadcrumb","itemListElement":[{"@type":"ListItem","position":1,"name":"Kezd\u0151lap","item":"https:\/\/betogather.hu\/"},{"@type":"ListItem","position":2,"name":"\u00d6nk\u00e9ntesek"}]},{"@type":"WebSite","@id":"https:\/\/betogather.hu\/#website","url":"https:\/\/betogather.hu\/","name":"Betogather Fesztiv\u00e1l","description":"Find inner peace through meditation and deepen your self-awareness","publisher":{"@id":"https:\/\/betogather.hu\/#organization"},"potentialAction":[{"@type":"SearchAction","target":{"@type":"EntryPoint","urlTemplate":"https:\/\/betogather.hu\/?s={search_term_string}"},"query-input":{"@type":"PropertyValueSpecification","valueRequired":true,"valueName":"search_term_string"}}],"inLanguage":"en-US"},{"@type":"Organization","@id":"https:\/\/betogather.hu\/#organization","name":"Betogather Fesztiv\u00e1l","url":"https:\/\/betogather.hu\/","logo":{"@type":"ImageObject","inLanguage":"en-US","@id":"https:\/\/betogather.hu\/#\/schema\/logo\/image\/","url":"https:\/\/betogather.hu\/wp-content\/uploads\/2025\/09\/BeToGather-Fesztival-es-elvonulas.png","contentUrl":"https:\/\/betogather.hu\/wp-content\/uploads\/2025\/09\/BeToGather-Fesztival-es-elvonulas.png","width":250,"height":158,"caption":"Betogather Fesztiv\u00e1l"},"image":{"@id":"https:\/\/betogather.hu\/#\/schema\/logo\/image\/"}}]}},"_links":{"self":[{"href":"https:\/\/betogather.hu\/en\/wp-json\/wp\/v2\/pages\/3687","targetHints":{"allow":["GET"]}}],"collection":[{"href":"https:\/\/betogather.hu\/en\/wp-json\/wp\/v2\/pages"}],"about":[{"href":"https:\/\/betogather.hu\/en\/wp-json\/wp\/v2\/types\/page"}],"author":[{"embeddable":true,"href":"https:\/\/betogather.hu\/en\/wp-json\/wp\/v2\/users\/1"}],"replies":[{"embeddable":true,"href":"https:\/\/betogather.hu\/en\/wp-json\/wp\/v2\/comments?post=3687"}],"version-history":[{"count":4,"href":"https:\/\/betogather.hu\/en\/wp-json\/wp\/v2\/pages\/3687\/revisions"}],"predecessor-version":[{"id":3692,"href":"https:\/\/betogather.hu\/en\/wp-json\/wp\/v2\/pages\/3687\/revisions\/3692"}],"wp:attachment":[{"href":"https:\/\/betogather.hu\/en\/wp-json\/wp\/v2\/media?parent=3687"}],"curies":[{"name":"wp","href":"https:\/\/api.w.org\/{rel}","templated":true}]}}